{"id":5761,"date":"2022-10-25T11:16:07","date_gmt":"2022-10-25T11:16:07","guid":{"rendered":"https:\/\/www.almondterra.com\/?post_type=product&#038;p=5761"},"modified":"2026-01-27T09:08:16","modified_gmt":"2026-01-27T09:08:16","slug":"estuche-gourmet-de-almendras-tostadas-artesanalmente-con-aceite-aromatizado-al-chile-picante-copia","status":"publish","type":"product","link":"https:\/\/www.almondterra.com\/en\/product\/estuche-gourmet-de-almendras-tostadas-artesanalmente-con-aceite-aromatizado-al-chile-picante-copia\/","title":{"rendered":"GOUR120CH &#8211; Estuche Gourmet de 120g de almendras tostadas artesanalmente con aceite aromatizado al chile picante y sobre de sal para mezclar al gusto."},"content":{"rendered":"<p>Con la misma calidad de nuestras almendras artesanales, hemos creado una exquisita gama de estuches gourmet: \u00e9ste lleva el aceite de oliva virgen extra aromatizado al chile picante. Una sensaci\u00f3n gourmet que no te puedes perder al mezclarlo con nuestras almendras Almondterra. Para los amantes del pique hemos creado esta combinaci\u00f3n \u00fanica que seguro te encantar\u00e1!<\/p>\n<figure id=\"attachment_5760\" aria-describedby=\"caption-attachment-5760\" style=\"width: 300px\" class=\"wp-caption alignnone\"><img decoding=\"async\" class=\"size-medium wp-image-5760\" src=\"https:\/\/www.almondterra.com\/wp-content\/uploads\/2022\/10\/Almondterra_ProductosAromas_chiliAOVE-2-300x215.jpg\" alt=\"GOUR120CH\" width=\"300\" height=\"215\" srcset=\"https:\/\/www.almondterra.com\/wp-content\/uploads\/2022\/10\/Almondterra_ProductosAromas_chiliAOVE-2-300x215.jpg 300w, https:\/\/www.almondterra.com\/wp-content\/uploads\/2022\/10\/Almondterra_ProductosAromas_chiliAOVE-2-1024x734.jpg 1024w, https:\/\/www.almondterra.com\/wp-content\/uploads\/2022\/10\/Almondterra_ProductosAromas_chiliAOVE-2-18x12.jpg 18w, https:\/\/www.almondterra.com\/wp-content\/uploads\/2022\/10\/Almondterra_ProductosAromas_chiliAOVE-2-1320x946.jpg 1320w, https:\/\/www.almondterra.com\/wp-content\/uploads\/2022\/10\/Almondterra_ProductosAromas_chiliAOVE-2-600x430.jpg 600w\" sizes=\"(max-width: 300px) 100vw, 300px\" \/><figcaption id=\"caption-attachment-5760\" class=\"wp-caption-text\">Estuche Gourmet de almendras tostadas artesanalmente con aceite de oliva virgen extra aromatizado al chile picante y sobre de sal.<\/figcaption><\/figure>","protected":false},"excerpt":{"rendered":"<p>Almendra lauranne sin piel y tostada\u00a0<strong><em>artesanalmente,\u00a0<\/em><\/strong>no utilizamos ni sal ni aceite reduciendo las kilocalorias.<\/p>\n<p>Alto aporte de calcio, prote\u00ednas y antioxidantes. Sin conservantes ni colorantes.<\/p>\n<p>El <strong>envase contiene<\/strong> una gota de aceite de oliva virgen extra aromatizado al chile picante y un sobre de sal.<\/p>\n<p><strong>INFORMACION NUTRICIONAL ALMENDRA TOSTADA POR 100gr.<\/strong><\/p>\n<p>Valor energ\u00e9tico \u2026\u2026\u2026.2444KJ\/ 589Kcal<\/p>\n<p>Grasas\u2026\u2026\u2026\u2026\u2026\u2026\u2026\u2026\u2026..48.9 gr<\/p>\n<p>de los cuales saturadas\u2026.5.51 gr<\/p>\n<p>Hidratos de carbonos \u2026..14.9 gr<\/p>\n<p>de los cuales azucares\u20264.39gr<\/p>\n<p>Prote\u00edna\u2026\u2026\u2026\u2026\u2026\u2026\u2026\u2026.22.4 gr<\/p>\n<p>Sal\u2026\u2026\u2026\u2026\u2026\u2026\u2026\u2026\u2026\u2026\u2026\u2026 &lt;0,1 g<\/p>","protected":false},"featured_media":5768,"template":"","meta":[],"pwb-brand":[],"product_cat":[15],"product_tag":[],"class_list":["post-5761","product","type-product","status-publish","has-post-thumbnail","hentry","product_cat-almendras"],"brands":[],"_links":{"self":[{"href":"https:\/\/www.almondterra.com\/en\/wp-json\/wp\/v2\/product\/5761","targetHints":{"allow":["GET"]}}],"collection":[{"href":"https:\/\/www.almondterra.com\/en\/wp-json\/wp\/v2\/product"}],"about":[{"href":"https:\/\/www.almondterra.com\/en\/wp-json\/wp\/v2\/types\/product"}],"wp:featuredmedia":[{"embeddable":true,"href":"https:\/\/www.almondterra.com\/en\/wp-json\/wp\/v2\/media\/5768"}],"wp:attachment":[{"href":"https:\/\/www.almondterra.com\/en\/wp-json\/wp\/v2\/media?parent=5761"}],"wp:term":[{"taxonomy":"pwb-brand","embeddable":true,"href":"https:\/\/www.almondterra.com\/en\/wp-json\/wp\/v2\/pwb-brand?post=5761"},{"taxonomy":"product_cat","embeddable":true,"href":"https:\/\/www.almondterra.com\/en\/wp-json\/wp\/v2\/product_cat?post=5761"},{"taxonomy":"product_tag","embeddable":true,"href":"https:\/\/www.almondterra.com\/en\/wp-json\/wp\/v2\/product_tag?post=5761"}],"curies":[{"name":"wp","href":"https:\/\/api.w.org\/{rel}","templated":true}]}}