{"id":5785,"date":"2022-10-28T10:35:42","date_gmt":"2022-10-28T10:35:42","guid":{"rendered":"https:\/\/www.almondterra.com\/?post_type=product&#038;p=5785"},"modified":"2026-01-27T08:59:01","modified_gmt":"2026-01-27T08:59:01","slug":"gour120le-estuche-gourmet-de-120g-de-almendras-tostadas-artesanalmente-con-aceite-aromatizado-al-limon","status":"publish","type":"product","link":"https:\/\/www.almondterra.com\/en\/product\/gour120le-estuche-gourmet-de-120g-de-almendras-tostadas-artesanalmente-con-aceite-aromatizado-al-limon\/","title":{"rendered":"GOUR120LE &#8211; Estuche Gourmet de 120g de almendras tostadas artesanalmente con aceite aromatizado al lim\u00f3n y sobre de sal para mezclar al gusto."},"content":{"rendered":"<p>Con la misma calidad de nuestras almendras artesanales, hemos creado una exquisita gama de estuches gourmet: \u00e9ste lleva el aceite de oliva virgen extra aromatizado al lim\u00f3n. Una sensaci\u00f3n gourmet que no te puedes perder al mezclarlo con nuestras almendras Almondterra. Te sorprender\u00e1 el frescor del aceite al aroma de lim\u00f3n con nuestras almendras tostadas. Exquisitas!<\/p>\n<p><img decoding=\"async\" class=\"alignnone wp-image-5769 size-medium\" src=\"https:\/\/www.almondterra.com\/wp-content\/uploads\/2022\/10\/Almondterra_ProductosAromas_limonAOVE-300x200.jpg\" alt=\"\" width=\"300\" height=\"200\" srcset=\"https:\/\/www.almondterra.com\/wp-content\/uploads\/2022\/10\/Almondterra_ProductosAromas_limonAOVE-300x200.jpg 300w, https:\/\/www.almondterra.com\/wp-content\/uploads\/2022\/10\/Almondterra_ProductosAromas_limonAOVE-1024x683.jpg 1024w, https:\/\/www.almondterra.com\/wp-content\/uploads\/2022\/10\/Almondterra_ProductosAromas_limonAOVE-18x12.jpg 18w, https:\/\/www.almondterra.com\/wp-content\/uploads\/2022\/10\/Almondterra_ProductosAromas_limonAOVE-1320x881.jpg 1320w, https:\/\/www.almondterra.com\/wp-content\/uploads\/2022\/10\/Almondterra_ProductosAromas_limonAOVE-600x400.jpg 600w\" sizes=\"(max-width: 300px) 100vw, 300px\" \/><\/p>\n<p>Estuche Gourmet de almendras tostadas artesanalmente con aceite de oliva virgen extra aromatizado al lim\u00f3n y sobre de sal para mezclar al gusto.<\/p>","protected":false},"excerpt":{"rendered":"<p>Almendra lauranne sin piel y tostada\u00a0<strong><em>artesanalmente,\u00a0<\/em><\/strong>no utilizamos ni sal ni aceite reduciendo las kilocalorias.<\/p>\n<p>Alto aporte de calcio, prote\u00ednas y antioxidantes. Sin conservantes ni colorantes.<\/p>\n<p>El <strong>envase contiene<\/strong> una gota de aceite de oliva virgen extra aromatizado al lim\u00f3n y un sobre de sal.<\/p>\n<p><strong>INFORMACION NUTRICIONAL ALMENDRA TOSTADA POR 100gr.<\/strong><\/p>\n<p>Valor energ\u00e9tico \u2026\u2026\u2026.2444KJ\/ 589Kcal<\/p>\n<p>Grasas\u2026\u2026\u2026\u2026\u2026\u2026\u2026\u2026\u2026..48.9 gr<\/p>\n<p>de los cuales saturadas\u2026.5.51 gr<\/p>\n<p>Hidratos de carbonos \u2026..14.9 gr<\/p>\n<p>de los cuales azucares\u20264.39gr<\/p>\n<p>Prote\u00edna\u2026\u2026\u2026\u2026\u2026\u2026\u2026\u2026.22.4 gr<\/p>\n<p>Sal\u2026\u2026\u2026\u2026\u2026\u2026\u2026\u2026\u2026\u2026\u2026\u2026 &lt;0,1 g<\/p>","protected":false},"featured_media":5769,"template":"","meta":[],"pwb-brand":[],"product_cat":[15],"product_tag":[],"class_list":["post-5785","product","type-product","status-publish","has-post-thumbnail","hentry","product_cat-almendras"],"brands":[],"_links":{"self":[{"href":"https:\/\/www.almondterra.com\/en\/wp-json\/wp\/v2\/product\/5785","targetHints":{"allow":["GET"]}}],"collection":[{"href":"https:\/\/www.almondterra.com\/en\/wp-json\/wp\/v2\/product"}],"about":[{"href":"https:\/\/www.almondterra.com\/en\/wp-json\/wp\/v2\/types\/product"}],"wp:featuredmedia":[{"embeddable":true,"href":"https:\/\/www.almondterra.com\/en\/wp-json\/wp\/v2\/media\/5769"}],"wp:attachment":[{"href":"https:\/\/www.almondterra.com\/en\/wp-json\/wp\/v2\/media?parent=5785"}],"wp:term":[{"taxonomy":"pwb-brand","embeddable":true,"href":"https:\/\/www.almondterra.com\/en\/wp-json\/wp\/v2\/pwb-brand?post=5785"},{"taxonomy":"product_cat","embeddable":true,"href":"https:\/\/www.almondterra.com\/en\/wp-json\/wp\/v2\/product_cat?post=5785"},{"taxonomy":"product_tag","embeddable":true,"href":"https:\/\/www.almondterra.com\/en\/wp-json\/wp\/v2\/product_tag?post=5785"}],"curies":[{"name":"wp","href":"https:\/\/api.w.org\/{rel}","templated":true}]}}