{"id":5805,"date":"2022-11-30T13:05:48","date_gmt":"2022-11-30T13:05:48","guid":{"rendered":"https:\/\/www.almondterra.com\/?post_type=product&#038;p=5805"},"modified":"2026-01-27T09:00:05","modified_gmt":"2026-01-27T09:00:05","slug":"pack-gour-pack-de-4-estuches-gourmet-almondterra-clasico-chile-picante-trufa-limon-120g-cada-estuche","status":"publish","type":"product","link":"https:\/\/www.almondterra.com\/en\/product\/pack-gour-pack-de-4-estuches-gourmet-almondterra-clasico-chile-picante-trufa-limon-120g-cada-estuche\/","title":{"rendered":"PACK GOUR REGALO- Pack de 4 estuches gourmet Almondterra: cl\u00e1sico + chile picante + trufa + lim\u00f3n (120g cada estuche)"},"content":{"rendered":"<p>Pack de 4 estuches gourmet de almendras Almondterra acompa\u00f1ado de gota de distintos aceites virgen extra y sobre de sal.<\/p>\n<p><strong>Contiene:<\/strong><\/p>\n<p>GOUR120, 1 estuche gourmet de 120g de almendras con gota de aceite virgen extra y sobre de sal.<\/p>\n<p>GOUR120CH, 1 estuche gourmet de 120g de almendras con gota de aceite virgen extra aromatizado al chile picante y sobre de sal<\/p>\n<p>GOUR120TR, 1 estuche gourmet de 120g de almendras con gota de aceite virgen extra aromatizado a la trufa y sobre de sal<\/p>\n<p>GOUR120LE, 1 estuche gourmet de 120g de almendras con gota de aceite virgen extra aromatizado al lim\u00f3n y sobre de sal<\/p>","protected":false},"excerpt":{"rendered":"<p>Pack de 4 estuches gourmet de almendras Almondterra acompa\u00f1ado de gota de distintos aceites virgen extra y sobre de sal. Contiene: GOUR120, 1 estuche gourmet de 120g de almendras con gota de aceite virgen extra y sobre de sal. GOUR120CH, 1 estuche gourmet de 120g de almendras con gota de aceite virgen extra aromatizado al [&hellip;]<\/p>","protected":false},"featured_media":5772,"template":"","meta":[],"pwb-brand":[],"product_cat":[15],"product_tag":[],"class_list":["post-5805","product","type-product","status-publish","has-post-thumbnail","hentry","product_cat-almendras"],"brands":[],"_links":{"self":[{"href":"https:\/\/www.almondterra.com\/en\/wp-json\/wp\/v2\/product\/5805","targetHints":{"allow":["GET"]}}],"collection":[{"href":"https:\/\/www.almondterra.com\/en\/wp-json\/wp\/v2\/product"}],"about":[{"href":"https:\/\/www.almondterra.com\/en\/wp-json\/wp\/v2\/types\/product"}],"wp:featuredmedia":[{"embeddable":true,"href":"https:\/\/www.almondterra.com\/en\/wp-json\/wp\/v2\/media\/5772"}],"wp:attachment":[{"href":"https:\/\/www.almondterra.com\/en\/wp-json\/wp\/v2\/media?parent=5805"}],"wp:term":[{"taxonomy":"pwb-brand","embeddable":true,"href":"https:\/\/www.almondterra.com\/en\/wp-json\/wp\/v2\/pwb-brand?post=5805"},{"taxonomy":"product_cat","embeddable":true,"href":"https:\/\/www.almondterra.com\/en\/wp-json\/wp\/v2\/product_cat?post=5805"},{"taxonomy":"product_tag","embeddable":true,"href":"https:\/\/www.almondterra.com\/en\/wp-json\/wp\/v2\/product_tag?post=5805"}],"curies":[{"name":"wp","href":"https:\/\/api.w.org\/{rel}","templated":true}]}}